{"id":1692,"date":"2020-05-06T13:51:06","date_gmt":"2020-05-06T16:51:06","guid":{"rendered":"http:\/\/www.buffethelvetia.com.br\/home\/?page_id=1692"},"modified":"2025-02-11T21:09:09","modified_gmt":"2025-02-12T00:09:09","slug":"eventos-test","status":"publish","type":"page","link":"http:\/\/www.buffethelvetia.com.br\/buffet\/?page_id=1692","title":{"rendered":"Eventos"},"content":{"rendered":"\t\t<div data-elementor-type=\"wp-page\" data-elementor-id=\"1692\" class=\"elementor elementor-1692\">\n\t\t\t\t\t\t<section class=\"elementor-section elementor-top-section elementor-element elementor-element-b2bae02 elementor-section-boxed elementor-section-height-default elementor-section-height-default\" data-id=\"b2bae02\" data-element_type=\"section\">\n\t\t\t\t\t\t<div class=\"elementor-container elementor-column-gap-default\">\n\t\t\t\t\t<div class=\"elementor-column elementor-col-100 elementor-top-column elementor-element elementor-element-0ff77ff\" data-id=\"0ff77ff\" data-element_type=\"column\">\n\t\t\t<div class=\"elementor-widget-wrap elementor-element-populated\">\n\t\t\t\t\t\t<div class=\"elementor-element elementor-element-d83c08c elementor-widget elementor-widget-image\" data-id=\"d83c08c\" data-element_type=\"widget\" data-widget_type=\"image.default\">\n\t\t\t\t<div class=\"elementor-widget-container\">\n\t\t\t\t\t\t\t\t\t\t\t\t\t\t\t<img fetchpriority=\"high\" decoding=\"async\" width=\"1024\" height=\"215\" src=\"http:\/\/www.buffethelvetia.com.br\/buffet\/wp-content\/uploads\/2020\/05\/bannereventos-1024x215.png\" class=\"attachment-large size-large wp-image-1694\" alt=\"\" srcset=\"http:\/\/www.buffethelvetia.com.br\/buffet\/wp-content\/uploads\/2020\/05\/bannereventos-1024x215.png 1024w, http:\/\/www.buffethelvetia.com.br\/buffet\/wp-content\/uploads\/2020\/05\/bannereventos-300x63.png 300w, http:\/\/www.buffethelvetia.com.br\/buffet\/wp-content\/uploads\/2020\/05\/bannereventos-768x161.png 768w, http:\/\/www.buffethelvetia.com.br\/buffet\/wp-content\/uploads\/2020\/05\/bannereventos-1536x323.png 1536w, http:\/\/www.buffethelvetia.com.br\/buffet\/wp-content\/uploads\/2020\/05\/bannereventos-2048x430.png 2048w\" sizes=\"(max-width: 1024px) 100vw, 1024px\" \/>\t\t\t\t\t\t\t\t\t\t\t\t\t\t\t<\/div>\n\t\t\t\t<\/div>\n\t\t\t\t\t<\/div>\n\t\t<\/div>\n\t\t\t\t\t<\/div>\n\t\t<\/section>\n\t\t\t\t<section class=\"elementor-section elementor-top-section elementor-element elementor-element-b697caf elementor-section-boxed elementor-section-height-default elementor-section-height-default\" data-id=\"b697caf\" data-element_type=\"section\">\n\t\t\t\t\t\t<div class=\"elementor-container elementor-column-gap-default\">\n\t\t\t\t\t<div class=\"elementor-column elementor-col-50 elementor-top-column elementor-element elementor-element-581b24d\" data-id=\"581b24d\" data-element_type=\"column\">\n\t\t\t<div class=\"elementor-widget-wrap elementor-element-populated\">\n\t\t\t\t\t\t<div class=\"elementor-element elementor-element-779abb0 elementor-widget elementor-widget-image\" data-id=\"779abb0\" data-element_type=\"widget\" data-widget_type=\"image.default\">\n\t\t\t\t<div class=\"elementor-widget-container\">\n\t\t\t\t\t\t\t\t\t\t\t\t\t\t\t<img decoding=\"async\" width=\"96\" height=\"92\" src=\"http:\/\/www.buffethelvetia.com.br\/buffet\/wp-content\/uploads\/2020\/04\/iconwedd.png\" class=\"attachment-large size-large wp-image-36\" alt=\"\" \/>\t\t\t\t\t\t\t\t\t\t\t\t\t\t\t<\/div>\n\t\t\t\t<\/div>\n\t\t\t\t<div class=\"elementor-element elementor-element-5734237 elementor-widget elementor-widget-text-editor\" data-id=\"5734237\" data-element_type=\"widget\" data-widget_type=\"text-editor.default\">\n\t\t\t\t<div class=\"elementor-widget-container\">\n\t\t\t\t\t\t\t\t\tE o grande dia merece uma comemora\u00e7\u00e3o inesquec\u00edvel! O Buffet Helvetia tem o que voc\u00ea precisa e merece para que seu casamento seja maravilhoso, com todos os detalhes que voc\u00ea sempre imaginou. Espa\u00e7os acolhedores, equipe dedicada e um menu da mais alta qualidade far\u00e3o seu sonho se tornar realidade!\t\t\t\t\t\t\t\t<\/div>\n\t\t\t\t<\/div>\n\t\t\t\t\t<\/div>\n\t\t<\/div>\n\t\t\t\t<div class=\"elementor-column elementor-col-50 elementor-top-column elementor-element elementor-element-910cfd3\" data-id=\"910cfd3\" data-element_type=\"column\" data-settings=\"{&quot;background_background&quot;:&quot;classic&quot;}\">\n\t\t\t<div class=\"elementor-widget-wrap elementor-element-populated\">\n\t\t\t\t\t\t<div class=\"elementor-element elementor-element-c671780 elementor-widget elementor-widget-text-editor\" data-id=\"c671780\" data-element_type=\"widget\" data-widget_type=\"text-editor.default\">\n\t\t\t\t<div class=\"elementor-widget-container\">\n\t\t\t\t\t\t\t\t\t<table width=\"90%\" cellspacing=\"0px\" cellpadding=\"0px\">\n<tbody>\n<tr>\n<td style=\"padding: 5;\"><img decoding=\"async\" src=\"http:\/\/buffethelvetia.com.br\/wp-content\/uploads\/2018\/12\/casamento1.jpg\" alt=\"\" width=\"200\" \/><\/td>\n<td style=\"padding: 5;\"><img decoding=\"async\" src=\"http:\/\/buffethelvetia.com.br\/wp-content\/uploads\/2018\/12\/casamento2.jpg\" alt=\"\" width=\"200\" \/><\/td>\n<\/tr>\n<tr>\n<td style=\"padding: 5;\"><img decoding=\"async\" src=\"http:\/\/buffethelvetia.com.br\/wp-content\/uploads\/2018\/12\/casamento3.jpg\" alt=\"\" width=\"200\" \/><\/td>\n<td style=\"padding: 5;\"><img decoding=\"async\" src=\"http:\/\/buffethelvetia.com.br\/wp-content\/uploads\/2018\/12\/casamento4.jpg\" alt=\"\" width=\"200\" \/><\/td>\n<\/tr>\n<\/tbody>\n<\/table>\t\t\t\t\t\t\t\t<\/div>\n\t\t\t\t<\/div>\n\t\t\t\t\t<\/div>\n\t\t<\/div>\n\t\t\t\t\t<\/div>\n\t\t<\/section>\n\t\t\t\t<section class=\"elementor-section elementor-top-section elementor-element elementor-element-4fb38b9 elementor-section-boxed elementor-section-height-default elementor-section-height-default\" data-id=\"4fb38b9\" data-element_type=\"section\">\n\t\t\t\t\t\t<div class=\"elementor-container elementor-column-gap-default\">\n\t\t\t\t\t<div class=\"elementor-column elementor-col-50 elementor-top-column elementor-element elementor-element-4a75cd7\" data-id=\"4a75cd7\" data-element_type=\"column\">\n\t\t\t<div class=\"elementor-widget-wrap elementor-element-populated\">\n\t\t\t\t\t\t<div class=\"elementor-element elementor-element-a15d5ff elementor-widget elementor-widget-text-editor\" data-id=\"a15d5ff\" data-element_type=\"widget\" data-widget_type=\"text-editor.default\">\n\t\t\t\t<div class=\"elementor-widget-container\">\n\t\t\t\t\t\t\t\t\t<table width=\"90%\" cellspacing=\"0px\" cellpadding=\"0px\">\n<tbody>\n<tr>\n<td style=\"padding: 5;\"><img decoding=\"async\" src=\"http:\/\/buffethelvetia.com.br\/wp-content\/uploads\/2018\/12\/debutante1.jpg\" alt=\"\" width=\"200\" \/><\/td>\n<td style=\"padding: 5;\"><img decoding=\"async\" src=\"http:\/\/buffethelvetia.com.br\/wp-content\/uploads\/2018\/12\/debutante2.jpg\" alt=\"\" width=\"200\" \/><\/td>\n<\/tr>\n<tr>\n<td style=\"padding: 5;\"><img decoding=\"async\" src=\"http:\/\/buffethelvetia.com.br\/wp-content\/uploads\/2018\/12\/debutante3.jpg\" alt=\"\" width=\"200\" \/><\/td>\n<td style=\"padding: 5;\"><img decoding=\"async\" src=\"http:\/\/buffethelvetia.com.br\/wp-content\/uploads\/2018\/12\/debutante4.jpg\" alt=\"\" width=\"200\" \/><\/td>\n<\/tr>\n<\/tbody>\n<\/table>\t\t\t\t\t\t\t\t<\/div>\n\t\t\t\t<\/div>\n\t\t\t\t\t<\/div>\n\t\t<\/div>\n\t\t\t\t<div class=\"elementor-column elementor-col-50 elementor-top-column elementor-element elementor-element-18190a3\" data-id=\"18190a3\" data-element_type=\"column\">\n\t\t\t<div class=\"elementor-widget-wrap elementor-element-populated\">\n\t\t\t\t\t\t<div class=\"elementor-element elementor-element-8deb15c elementor-widget elementor-widget-image\" data-id=\"8deb15c\" data-element_type=\"widget\" data-widget_type=\"image.default\">\n\t\t\t\t<div class=\"elementor-widget-container\">\n\t\t\t\t\t\t\t\t\t\t\t\t\t\t\t<img decoding=\"async\" width=\"75\" height=\"86\" src=\"http:\/\/www.buffethelvetia.com.br\/buffet\/wp-content\/uploads\/2020\/04\/icondeb1.png\" class=\"attachment-large size-large wp-image-37\" alt=\"\" \/>\t\t\t\t\t\t\t\t\t\t\t\t\t\t\t<\/div>\n\t\t\t\t<\/div>\n\t\t\t\t<div class=\"elementor-element elementor-element-461cc02 elementor-widget elementor-widget-text-editor\" data-id=\"461cc02\" data-element_type=\"widget\" data-widget_type=\"text-editor.default\">\n\t\t\t\t<div class=\"elementor-widget-container\">\n\t\t\t\t\t\t\t\t\t<strong>DEBUTANTE<\/strong>\n\nA comemora\u00e7\u00e3o dos 15 anos \u00e9 um momento marcante e muito especial! E para que esse momento se torne \u00fanico, n\u00f3s estamos totalmente preparados para receber voc\u00ea, seus amigos e familiares para que todos possam viver a magia dessa data!\n\n<\/center>\t\t\t\t\t\t\t\t<\/div>\n\t\t\t\t<\/div>\n\t\t\t\t\t<\/div>\n\t\t<\/div>\n\t\t\t\t\t<\/div>\n\t\t<\/section>\n\t\t\t\t<section class=\"elementor-section elementor-top-section elementor-element elementor-element-a673fff elementor-section-boxed elementor-section-height-default elementor-section-height-default\" data-id=\"a673fff\" data-element_type=\"section\">\n\t\t\t\t\t\t<div class=\"elementor-container elementor-column-gap-default\">\n\t\t\t\t\t<div class=\"elementor-column elementor-col-50 elementor-top-column elementor-element elementor-element-bd41cd4\" data-id=\"bd41cd4\" data-element_type=\"column\">\n\t\t\t<div class=\"elementor-widget-wrap elementor-element-populated\">\n\t\t\t\t\t\t<div class=\"elementor-element elementor-element-d58625f elementor-widget elementor-widget-image\" data-id=\"d58625f\" data-element_type=\"widget\" data-widget_type=\"image.default\">\n\t\t\t\t<div class=\"elementor-widget-container\">\n\t\t\t\t\t\t\t\t\t\t\t\t\t\t\t<img loading=\"lazy\" decoding=\"async\" width=\"90\" height=\"86\" src=\"http:\/\/www.buffethelvetia.com.br\/buffet\/wp-content\/uploads\/2020\/04\/iconbirt1.png\" class=\"attachment-large size-large wp-image-38\" alt=\"\" \/>\t\t\t\t\t\t\t\t\t\t\t\t\t\t\t<\/div>\n\t\t\t\t<\/div>\n\t\t\t\t<div class=\"elementor-element elementor-element-cab602b elementor-widget elementor-widget-text-editor\" data-id=\"cab602b\" data-element_type=\"widget\" data-widget_type=\"text-editor.default\">\n\t\t\t\t<div class=\"elementor-widget-container\">\n\t\t\t\t\t\t\t\t\t<strong>ANIVERS\u00c1RIO<\/strong>\n\nQue tal realizar uma festa memor\u00e1vel para celebrar mais uma etapa vencida em sua vida? N\u00e3o importa a idade, o que realmente vale s\u00e3o os momentos a serem vivenciados. E n\u00f3s podemos proporcionar a voc\u00ea a oportunidade de fazer dessa data t\u00e3o significativa um momento inesquec\u00edvel!<\/center>\t\t\t\t\t\t\t\t<\/div>\n\t\t\t\t<\/div>\n\t\t\t\t\t<\/div>\n\t\t<\/div>\n\t\t\t\t<div class=\"elementor-column elementor-col-50 elementor-top-column elementor-element elementor-element-3991dc4\" data-id=\"3991dc4\" data-element_type=\"column\" data-settings=\"{&quot;background_background&quot;:&quot;classic&quot;}\">\n\t\t\t<div class=\"elementor-widget-wrap elementor-element-populated\">\n\t\t\t\t\t\t<div class=\"elementor-element elementor-element-40646b7 elementor-widget elementor-widget-text-editor\" data-id=\"40646b7\" data-element_type=\"widget\" data-widget_type=\"text-editor.default\">\n\t\t\t\t<div class=\"elementor-widget-container\">\n\t\t\t\t\t\t\t\t\t<table width=\"90%\" cellspacing=\"0px\" cellpadding=\"0px\">\n<tbody>\n<tr>\n<td style=\"padding: 5;\"><img decoding=\"async\" src=\"http:\/\/www.buffethelvetia.com.br\/home\/wp-content\/uploads\/2020\/05\/aniversario1.jpg\" alt=\"\" width=\"200\" \/><\/td>\n<td style=\"padding: 5;\"><img decoding=\"async\" src=\"http:\/\/www.buffethelvetia.com.br\/home\/wp-content\/uploads\/2020\/05\/aniversario2.jpg\" alt=\"\" width=\"200\" \/><\/td>\n<\/tr>\n<tr>\n<td style=\"padding: 5;\"><img decoding=\"async\" src=\"http:\/\/www.buffethelvetia.com.br\/home\/wp-content\/uploads\/2020\/05\/aniversario3.jpg\" alt=\"\" width=\"200\" \/><\/td>\n<td style=\"padding: 5;\"><img decoding=\"async\" src=\"http:\/\/www.buffethelvetia.com.br\/home\/wp-content\/uploads\/2020\/05\/aniversario4.jpg\" alt=\"\" width=\"200\" \/><\/td>\n<\/tr>\n<\/tbody>\n<\/table>\t\t\t\t\t\t\t\t<\/div>\n\t\t\t\t<\/div>\n\t\t\t\t\t<\/div>\n\t\t<\/div>\n\t\t\t\t\t<\/div>\n\t\t<\/section>\n\t\t\t\t<section class=\"elementor-section elementor-top-section elementor-element elementor-element-79729e6 elementor-section-boxed elementor-section-height-default elementor-section-height-default\" data-id=\"79729e6\" data-element_type=\"section\">\n\t\t\t\t\t\t<div class=\"elementor-container elementor-column-gap-default\">\n\t\t\t\t\t<div class=\"elementor-column elementor-col-50 elementor-top-column elementor-element elementor-element-d8aa604\" data-id=\"d8aa604\" data-element_type=\"column\">\n\t\t\t<div class=\"elementor-widget-wrap elementor-element-populated\">\n\t\t\t\t\t\t<div class=\"elementor-element elementor-element-46b571c elementor-widget elementor-widget-text-editor\" data-id=\"46b571c\" data-element_type=\"widget\" data-widget_type=\"text-editor.default\">\n\t\t\t\t<div class=\"elementor-widget-container\">\n\t\t\t\t\t\t\t\t\t<table width=\"90%\" cellspacing=\"0px\" cellpadding=\"0px\">\n<tbody>\n<tr>\n<td style=\"padding: 5;\"><img decoding=\"async\" src=\"http:\/\/buffethelvetia.com.br\/wp-content\/uploads\/2018\/12\/corporativo1.jpg\" alt=\"\" width=\"200\" \/><\/td>\n<td style=\"padding: 5;\"><img decoding=\"async\" src=\"http:\/\/buffethelvetia.com.br\/wp-content\/uploads\/2018\/12\/corporativo2.jpeg\" alt=\"\" width=\"200\" \/><\/td>\n<\/tr>\n<tr>\n<td style=\"padding: 5;\"><img decoding=\"async\" src=\"http:\/\/buffethelvetia.com.br\/wp-content\/uploads\/2018\/12\/corporativo3.jpg\" alt=\"\" width=\"200\" \/><\/td>\n<td style=\"padding: 5;\"><img decoding=\"async\" src=\"http:\/\/buffethelvetia.com.br\/wp-content\/uploads\/2018\/12\/corporativo4.jpg\" alt=\"\" width=\"200\" \/><\/td>\n<\/tr>\n<\/tbody>\n<\/table>\t\t\t\t\t\t\t\t<\/div>\n\t\t\t\t<\/div>\n\t\t\t\t\t<\/div>\n\t\t<\/div>\n\t\t\t\t<div class=\"elementor-column elementor-col-50 elementor-top-column elementor-element elementor-element-f427f2d\" data-id=\"f427f2d\" data-element_type=\"column\">\n\t\t\t<div class=\"elementor-widget-wrap elementor-element-populated\">\n\t\t\t\t\t\t<div class=\"elementor-element elementor-element-3d7f41d elementor-widget elementor-widget-image\" data-id=\"3d7f41d\" data-element_type=\"widget\" data-widget_type=\"image.default\">\n\t\t\t\t<div class=\"elementor-widget-container\">\n\t\t\t\t\t\t\t\t\t\t\t\t\t\t\t<img loading=\"lazy\" decoding=\"async\" width=\"77\" height=\"86\" src=\"http:\/\/www.buffethelvetia.com.br\/buffet\/wp-content\/uploads\/2020\/04\/iconcorp1.png\" class=\"attachment-large size-large wp-image-39\" alt=\"\" \/>\t\t\t\t\t\t\t\t\t\t\t\t\t\t\t<\/div>\n\t\t\t\t<\/div>\n\t\t\t\t<div class=\"elementor-element elementor-element-cb088cf elementor-widget elementor-widget-text-editor\" data-id=\"cb088cf\" data-element_type=\"widget\" data-widget_type=\"text-editor.default\">\n\t\t\t\t<div class=\"elementor-widget-container\">\n\t\t\t\t\t\t\t\t\t<strong>CORPORATIVO<\/strong>\n\nAqui no Buffet Helvetia voc\u00ea encontra uma infraestrutura completa para realizar os eventos de sua empresa ou grupo empresarial. \u00d3timo custo-benef\u00edcio, atendimento \u00fanico e exclusivo e pacotes especiais para que o seu evento corporativo seja surpreendente.\nFazemos quest\u00e3o de cuidar de todos os detalhes do seu evento, para que ele aconte\u00e7a de forma tranquila, com alto padr\u00e3o de qualidade e seja sin\u00f4nimo de sucesso.<\/center>&nbsp;\t\t\t\t\t\t\t\t<\/div>\n\t\t\t\t<\/div>\n\t\t\t\t\t<\/div>\n\t\t<\/div>\n\t\t\t\t\t<\/div>\n\t\t<\/section>\n\t\t\t\t<section class=\"elementor-section elementor-top-section elementor-element elementor-element-3630b55 elementor-section-boxed elementor-section-height-default elementor-section-height-default\" data-id=\"3630b55\" data-element_type=\"section\">\n\t\t\t\t\t\t<div class=\"elementor-container elementor-column-gap-default\">\n\t\t\t\t\t<div class=\"elementor-column elementor-col-50 elementor-top-column elementor-element elementor-element-15d04f8\" data-id=\"15d04f8\" data-element_type=\"column\">\n\t\t\t<div class=\"elementor-widget-wrap elementor-element-populated\">\n\t\t\t\t\t\t<div class=\"elementor-element elementor-element-10220c2 elementor-widget elementor-widget-image\" data-id=\"10220c2\" data-element_type=\"widget\" data-widget_type=\"image.default\">\n\t\t\t\t<div class=\"elementor-widget-container\">\n\t\t\t\t\t\t\t\t\t\t\t\t\t\t\t<img loading=\"lazy\" decoding=\"async\" width=\"300\" height=\"253\" src=\"http:\/\/www.buffethelvetia.com.br\/buffet\/wp-content\/uploads\/2020\/05\/revista-1-300x253.png\" class=\"attachment-medium size-medium wp-image-1709\" alt=\"\" srcset=\"http:\/\/www.buffethelvetia.com.br\/buffet\/wp-content\/uploads\/2020\/05\/revista-1-300x253.png 300w, http:\/\/www.buffethelvetia.com.br\/buffet\/wp-content\/uploads\/2020\/05\/revista-1.png 500w\" sizes=\"(max-width: 300px) 100vw, 300px\" \/>\t\t\t\t\t\t\t\t\t\t\t\t\t\t\t<\/div>\n\t\t\t\t<\/div>\n\t\t\t\t\t<\/div>\n\t\t<\/div>\n\t\t\t\t<div class=\"elementor-column elementor-col-50 elementor-top-column elementor-element elementor-element-13a0986\" data-id=\"13a0986\" data-element_type=\"column\">\n\t\t\t<div class=\"elementor-widget-wrap elementor-element-populated\">\n\t\t\t\t\t\t<div class=\"elementor-element elementor-element-2776607 elementor-widget elementor-widget-text-editor\" data-id=\"2776607\" data-element_type=\"widget\" data-widget_type=\"text-editor.default\">\n\t\t\t\t<div class=\"elementor-widget-container\">\n\t\t\t\t\t\t\t\t\t<div style=\"width: 70%; border: 2px solid; border-color: #d4923b; text-align: center; font-size: 18px;\"><a href=\"http:\/\/www.buffethelvetia.com.br\/home\/wp-content\/uploads\/2020\/05\/revistavirtual.pdf\" target=\"_blank\" rel=\"noopener noreferrer\">Clique aqui e confira nossa Guia Virtual dos Noivos<\/a><\/div>\t\t\t\t\t\t\t\t<\/div>\n\t\t\t\t<\/div>\n\t\t\t\t\t<\/div>\n\t\t<\/div>\n\t\t\t\t\t<\/div>\n\t\t<\/section>\n\t\t\t\t<\/div>\n\t\t","protected":false},"excerpt":{"rendered":"<p>E o grande dia merece uma comemora\u00e7\u00e3o inesquec\u00edvel! O Buffet Helvetia tem o que voc\u00ea precisa e merece para que seu casamento seja maravilhoso, com todos os detalhes que voc\u00ea sempre imaginou. Espa\u00e7os acolhedores, equipe dedicada e um menu da mais alta qualidade far\u00e3o seu sonho se tornar realidade! DEBUTANTE A comemora\u00e7\u00e3o dos 15 anos [&hellip;]<\/p>\n","protected":false},"author":1,"featured_media":0,"parent":0,"menu_order":0,"comment_status":"closed","ping_status":"closed","template":"","meta":{"footnotes":""},"class_list":["post-1692","page","type-page","status-publish","hentry","wpbf-post"],"_links":{"self":[{"href":"http:\/\/www.buffethelvetia.com.br\/buffet\/index.php?rest_route=\/wp\/v2\/pages\/1692","targetHints":{"allow":["GET"]}}],"collection":[{"href":"http:\/\/www.buffethelvetia.com.br\/buffet\/index.php?rest_route=\/wp\/v2\/pages"}],"about":[{"href":"http:\/\/www.buffethelvetia.com.br\/buffet\/index.php?rest_route=\/wp\/v2\/types\/page"}],"author":[{"embeddable":true,"href":"http:\/\/www.buffethelvetia.com.br\/buffet\/index.php?rest_route=\/wp\/v2\/users\/1"}],"replies":[{"embeddable":true,"href":"http:\/\/www.buffethelvetia.com.br\/buffet\/index.php?rest_route=%2Fwp%2Fv2%2Fcomments&post=1692"}],"version-history":[{"count":3,"href":"http:\/\/www.buffethelvetia.com.br\/buffet\/index.php?rest_route=\/wp\/v2\/pages\/1692\/revisions"}],"predecessor-version":[{"id":1962,"href":"http:\/\/www.buffethelvetia.com.br\/buffet\/index.php?rest_route=\/wp\/v2\/pages\/1692\/revisions\/1962"}],"wp:attachment":[{"href":"http:\/\/www.buffethelvetia.com.br\/buffet\/index.php?rest_route=%2Fwp%2Fv2%2Fmedia&parent=1692"}],"curies":[{"name":"wp","href":"https:\/\/api.w.org\/{rel}","templated":true}]}}