{"id":953,"date":"2018-11-07T08:25:48","date_gmt":"2018-11-07T10:25:48","guid":{"rendered":"http:\/\/www.liebeatelie.com.br\/teste1\/?page_id=953"},"modified":"2018-11-07T08:25:48","modified_gmt":"2018-11-07T10:25:48","slug":"953-2","status":"publish","type":"page","link":"http:\/\/www.buffethelvetia.com.br\/buffet\/?page_id=953","title":{"rendered":"Helvetia"},"content":{"rendered":"<p><img decoding=\"async\" class=\"aligncenter wp-image-518 size-full\" style=\"margin: 0;\" src=\"http:\/\/www.liebeatelie.com.br\/teste1\/wp-content\/uploads\/2018\/11\/bannerhelvetia.png\" alt=\"\" width=\"100%\"><\/p>\n<p><img fetchpriority=\"high\" decoding=\"async\" src=\"http:\/\/www.liebeatelie.com.br\/teste1\/wp-content\/uploads\/2018\/11\/mapahelv.png\" alt=\"\" width=\"1500\" height=\"455\" class=\"aligncenter size-full wp-image-962\"><\/p>\n<div id=\"caja\" style=\"margin: 0;\">\n<div id=\"cxm-1\" class=\"cxm\" style=\"width: 55%; padding-left: 250px; padding-right: 80px; padding-top: 0px;\">\n<img decoding=\"async\" src=\"http:\/\/www.liebeatelie.com.br\/teste1\/wp-content\/uploads\/2018\/11\/suicabrasil.png\" alt=\"\" width=\"250\" class=\"aligncenter size-full wp-image-965\"><br \/>\nHelvetia \u00e9 uma col\u00f4nia fundada por imigrantes su\u00ed\u00e7os em 14 de abril de 1888. Esses fundadores chegaram ao Brasil em 1854 e nos primeiros anos de 1880, num total aproximado de 500 pessoas. Vieram para trabalhar nas fazendas de caf\u00e9 da regi\u00e3o de Jundia\u00ed e Campinas.<\/p>\n<p>A funda\u00e7\u00e3o se deu com a compra do s\u00edtio Capivari-Mirim por parte das fam\u00edlias Ambiel, Amstalden, Bannwart e Wolf. O s\u00edtio possu\u00eda 463 alqueires e a popula\u00e7\u00e3o inicial era de 34 pessoas.<\/p>\n<p>Pesquisa realizada por ocasi\u00e3o do centen\u00e1rio da funda\u00e7\u00e3o revela que a descend\u00eancia das fam\u00edlias que aqui se estabeleceram passa por cinco gera\u00e7\u00f5es. As duas primeiras gera\u00e7\u00f5es viveram da agricultura. As seguintes, das mais diversificadas atividades.<\/p>\n<\/div>\n<div id=\"cxm-2\" class=\"cxm\" style=\"width: 45%; padding-right: 150px;\">\n<img decoding=\"async\" src=\"http:\/\/www.liebeatelie.com.br\/teste1\/wp-content\/uploads\/2018\/12\/aerea.png\" alt=\"\" width=\"340\" class=\"alignleft\"><\/div>\n<\/div>\n<div id=\"caja\" style=\"margin-left: 250px; margin-right: 100px; width:65%;\">\nMetade dos descendentes reside nas cidades de Indaiatuba e Campinas e tem liga\u00e7\u00f5es mais ou menos frequentes com a col\u00f4nia. Os demais se distribuem por diversas localidades diferentes do Estado, do pa\u00eds e do Exterior.<br \/>\nA comunidade se divide se estrutura em torno de tr\u00eas institui\u00e7\u00f5es ou Sociedades: a Escola, a Igreja e o Tiro ao Alvo, todas centen\u00e1rias.<\/p>\n<p>Os Helvetianos t\u00eam particular respeito ao seu patrim\u00f4nio hist\u00f3rico, cultural e religioso. Procuram preserv\u00e1-lo e ampli\u00e1-lo com iniciativas como esta de que o prezado visitante est\u00e1 participando. Os atendentes dos eventos do buffet s\u00e3o membros da col\u00f4nia, seu trabalho \u00e9 volunt\u00e1rio e estes recebem uma ajuda de custo. Tem, por\u00e9m, o privil\u00e9gio do carinho e alegria\u201d<\/p>\n<p><center><\/p>\n<div style=\"padding:5px; color:#d4923b; border:2px solid; width:60%; border-color:#d4923b; text-align:center; font-size:18px;\">\nTRADI\u00c7\u00c3O e CULTURA<br \/>\nACOLHIMENTO e AMBIENTE FAMILIAR<br \/>\nCARINHO e DEDICA\u00c7\u00c3O<\/div>\n<p>&nbsp;<br \/>\n<a href=\"http:\/\/www.buffethelvetia.com.br\" target=\"_blank\" style=\"color: #194342; font-size:18px;\" rel=\"noopener noreferrer\"><strong>www.coloniahelvetia.org.br<\/strong><\/a><br \/>\n<\/center><\/div>\n","protected":false},"excerpt":{"rendered":"<p>Helvetia \u00e9 uma col\u00f4nia fundada por imigrantes su\u00ed\u00e7os em 14 de abril de 1888. Esses fundadores chegaram ao Brasil em 1854 e nos primeiros anos de 1880, num total aproximado de 500 pessoas. Vieram para trabalhar nas fazendas de caf\u00e9 da regi\u00e3o de Jundia\u00ed e Campinas. A funda\u00e7\u00e3o se deu com a compra do s\u00edtio [&hellip;]<\/p>\n","protected":false},"author":1,"featured_media":0,"parent":0,"menu_order":0,"comment_status":"closed","ping_status":"closed","template":"","meta":{"footnotes":""},"class_list":["post-953","page","type-page","status-publish","hentry","wpbf-post"],"_links":{"self":[{"href":"http:\/\/www.buffethelvetia.com.br\/buffet\/index.php?rest_route=\/wp\/v2\/pages\/953","targetHints":{"allow":["GET"]}}],"collection":[{"href":"http:\/\/www.buffethelvetia.com.br\/buffet\/index.php?rest_route=\/wp\/v2\/pages"}],"about":[{"href":"http:\/\/www.buffethelvetia.com.br\/buffet\/index.php?rest_route=\/wp\/v2\/types\/page"}],"author":[{"embeddable":true,"href":"http:\/\/www.buffethelvetia.com.br\/buffet\/index.php?rest_route=\/wp\/v2\/users\/1"}],"replies":[{"embeddable":true,"href":"http:\/\/www.buffethelvetia.com.br\/buffet\/index.php?rest_route=%2Fwp%2Fv2%2Fcomments&post=953"}],"version-history":[{"count":0,"href":"http:\/\/www.buffethelvetia.com.br\/buffet\/index.php?rest_route=\/wp\/v2\/pages\/953\/revisions"}],"wp:attachment":[{"href":"http:\/\/www.buffethelvetia.com.br\/buffet\/index.php?rest_route=%2Fwp%2Fv2%2Fmedia&parent=953"}],"curies":[{"name":"wp","href":"https:\/\/api.w.org\/{rel}","templated":true}]}}